{"id":2,"date":"2017-11-03T11:44:57","date_gmt":"2017-11-03T10:44:57","guid":{"rendered":"http:\/\/artami.sk\/?page_id=2"},"modified":"2025-10-07T11:37:38","modified_gmt":"2025-10-07T09:37:38","slug":"architektonicke-sluzby","status":"publish","type":"page","link":"https:\/\/artami.sk\/","title":{"rendered":"Artami"},"content":{"rendered":"<h5>Architekt\u00fara a interi\u00e9rov\u00fd dizajn<\/h5>\n<p>bytov\u00fdch, kancel\u00e1rskych a komer\u010dn\u00fdch priestorov.<\/p>\n","protected":false},"excerpt":{"rendered":"<p>Architekt\u00fara a interi\u00e9rov\u00fd dizajn bytov\u00fdch, kancel\u00e1rskych a komer\u010dn\u00fdch priestorov.<\/p>\n","protected":false},"author":1,"featured_media":0,"parent":0,"menu_order":0,"comment_status":"closed","ping_status":"open","template":"","meta":{"_monsterinsights_skip_tracking":false,"_monsterinsights_sitenote_active":false,"_monsterinsights_sitenote_note":"","_monsterinsights_sitenote_category":0,"footnotes":""},"class_list":["post-2","page","type-page","status-publish","hentry"],"yoast_head":"<!-- This site is optimized with the Yoast SEO plugin v23.3 - https:\/\/yoast.com\/wordpress\/plugins\/seo\/ -->\n<title>Architekt Prievidza - komplexn\u00e9 architektonick\u00e9 slu\u017eby<\/title>\n<meta name=\"description\" content=\"Poskytujeme komplexn\u00e9 architektonick\u00e9 slu\u017eby v rozsahu: \u0161t\u00fadia, dokument\u00e1cia v stupni stavebn\u00fd z\u00e1mer, projekt stavby a vykon\u00e1vac\u00ed projekt.\" \/>\n<meta name=\"robots\" content=\"index, follow, max-snippet:-1, max-image-preview:large, max-video-preview:-1\" \/>\n<link rel=\"canonical\" href=\"https:\/\/artami.sk\/\" \/>\n<meta property=\"og:locale\" content=\"sk_SK\" \/>\n<meta property=\"og:type\" content=\"article\" \/>\n<meta property=\"og:title\" content=\"Architekt Prievidza - komplexn\u00e9 architektonick\u00e9 slu\u017eby\" \/>\n<meta property=\"og:description\" content=\"Poskytujeme komplexn\u00e9 architektonick\u00e9 slu\u017eby v rozsahu: \u0161t\u00fadia, dokument\u00e1cia v stupni stavebn\u00fd z\u00e1mer, projekt stavby a vykon\u00e1vac\u00ed projekt.\" \/>\n<meta property=\"og:url\" content=\"https:\/\/artami.sk\/\" \/>\n<meta property=\"og:site_name\" content=\"Artami design studio\" \/>\n<meta property=\"article:publisher\" content=\"https:\/\/www.facebook.com\/artami.sk\/\" \/>\n<meta property=\"article:modified_time\" content=\"2025-10-07T09:37:38+00:00\" \/>\n<meta name=\"twitter:card\" content=\"summary_large_image\" \/>\n<meta name=\"twitter:label1\" content=\"Predpokladan\u00fd \u010das \u010d\u00edtania\" \/>\n\t<meta name=\"twitter:data1\" content=\"1 min\u00fata\" \/>\n<script type=\"application\/ld+json\" class=\"yoast-schema-graph\">{\"@context\":\"https:\/\/schema.org\",\"@graph\":[{\"@type\":\"WebPage\",\"@id\":\"https:\/\/artami.sk\/\",\"url\":\"https:\/\/artami.sk\/\",\"name\":\"Architekt Prievidza - komplexn\u00e9 architektonick\u00e9 slu\u017eby\",\"isPartOf\":{\"@id\":\"https:\/\/artami.sk\/#website\"},\"datePublished\":\"2017-11-03T10:44:57+00:00\",\"dateModified\":\"2025-10-07T09:37:38+00:00\",\"description\":\"Poskytujeme komplexn\u00e9 architektonick\u00e9 slu\u017eby v rozsahu: \u0161t\u00fadia, dokument\u00e1cia v stupni stavebn\u00fd z\u00e1mer, projekt stavby a vykon\u00e1vac\u00ed projekt.\",\"breadcrumb\":{\"@id\":\"https:\/\/artami.sk\/#breadcrumb\"},\"inLanguage\":\"sk-SK\",\"potentialAction\":[{\"@type\":\"ReadAction\",\"target\":[\"https:\/\/artami.sk\/\"]}]},{\"@type\":\"BreadcrumbList\",\"@id\":\"https:\/\/artami.sk\/#breadcrumb\",\"itemListElement\":[{\"@type\":\"ListItem\",\"position\":1,\"name\":\"Home\",\"item\":\"https:\/\/artami.sk\/\"},{\"@type\":\"ListItem\",\"position\":2,\"name\":\"Artami\"}]},{\"@type\":\"WebSite\",\"@id\":\"https:\/\/artami.sk\/#website\",\"url\":\"https:\/\/artami.sk\/\",\"name\":\"Artami design studio\",\"description\":\"\",\"publisher\":{\"@id\":\"https:\/\/artami.sk\/#organization\"},\"potentialAction\":[{\"@type\":\"SearchAction\",\"target\":{\"@type\":\"EntryPoint\",\"urlTemplate\":\"https:\/\/artami.sk\/?s={search_term_string}\"},\"query-input\":\"required name=search_term_string\"}],\"inLanguage\":\"sk-SK\"},{\"@type\":\"Organization\",\"@id\":\"https:\/\/artami.sk\/#organization\",\"name\":\"Artami design studio\",\"url\":\"https:\/\/artami.sk\/\",\"logo\":{\"@type\":\"ImageObject\",\"inLanguage\":\"sk-SK\",\"@id\":\"https:\/\/artami.sk\/#\/schema\/logo\/image\/\",\"url\":\"https:\/\/artami.sk\/wp-content\/uploads\/2018\/04\/Logo-Artami.jpg\",\"contentUrl\":\"https:\/\/artami.sk\/wp-content\/uploads\/2018\/04\/Logo-Artami.jpg\",\"width\":665,\"height\":255,\"caption\":\"Artami design studio\"},\"image\":{\"@id\":\"https:\/\/artami.sk\/#\/schema\/logo\/image\/\"},\"sameAs\":[\"https:\/\/www.facebook.com\/artami.sk\/\",\"https:\/\/www.instagram.com\/artamidesignstudio\/\"]}]}<\/script>\n<!-- \/ Yoast SEO plugin. -->","yoast_head_json":{"title":"Architekt Prievidza - komplexn\u00e9 architektonick\u00e9 slu\u017eby","description":"Poskytujeme komplexn\u00e9 architektonick\u00e9 slu\u017eby v rozsahu: \u0161t\u00fadia, dokument\u00e1cia v stupni stavebn\u00fd z\u00e1mer, projekt stavby a vykon\u00e1vac\u00ed projekt.","robots":{"index":"index","follow":"follow","max-snippet":"max-snippet:-1","max-image-preview":"max-image-preview:large","max-video-preview":"max-video-preview:-1"},"canonical":"https:\/\/artami.sk\/","og_locale":"sk_SK","og_type":"article","og_title":"Architekt Prievidza - komplexn\u00e9 architektonick\u00e9 slu\u017eby","og_description":"Poskytujeme komplexn\u00e9 architektonick\u00e9 slu\u017eby v rozsahu: \u0161t\u00fadia, dokument\u00e1cia v stupni stavebn\u00fd z\u00e1mer, projekt stavby a vykon\u00e1vac\u00ed projekt.","og_url":"https:\/\/artami.sk\/","og_site_name":"Artami design studio","article_publisher":"https:\/\/www.facebook.com\/artami.sk\/","article_modified_time":"2025-10-07T09:37:38+00:00","twitter_card":"summary_large_image","twitter_misc":{"Predpokladan\u00fd \u010das \u010d\u00edtania":"1 min\u00fata"},"schema":{"@context":"https:\/\/schema.org","@graph":[{"@type":"WebPage","@id":"https:\/\/artami.sk\/","url":"https:\/\/artami.sk\/","name":"Architekt Prievidza - komplexn\u00e9 architektonick\u00e9 slu\u017eby","isPartOf":{"@id":"https:\/\/artami.sk\/#website"},"datePublished":"2017-11-03T10:44:57+00:00","dateModified":"2025-10-07T09:37:38+00:00","description":"Poskytujeme komplexn\u00e9 architektonick\u00e9 slu\u017eby v rozsahu: \u0161t\u00fadia, dokument\u00e1cia v stupni stavebn\u00fd z\u00e1mer, projekt stavby a vykon\u00e1vac\u00ed projekt.","breadcrumb":{"@id":"https:\/\/artami.sk\/#breadcrumb"},"inLanguage":"sk-SK","potentialAction":[{"@type":"ReadAction","target":["https:\/\/artami.sk\/"]}]},{"@type":"BreadcrumbList","@id":"https:\/\/artami.sk\/#breadcrumb","itemListElement":[{"@type":"ListItem","position":1,"name":"Home","item":"https:\/\/artami.sk\/"},{"@type":"ListItem","position":2,"name":"Artami"}]},{"@type":"WebSite","@id":"https:\/\/artami.sk\/#website","url":"https:\/\/artami.sk\/","name":"Artami design studio","description":"","publisher":{"@id":"https:\/\/artami.sk\/#organization"},"potentialAction":[{"@type":"SearchAction","target":{"@type":"EntryPoint","urlTemplate":"https:\/\/artami.sk\/?s={search_term_string}"},"query-input":"required name=search_term_string"}],"inLanguage":"sk-SK"},{"@type":"Organization","@id":"https:\/\/artami.sk\/#organization","name":"Artami design studio","url":"https:\/\/artami.sk\/","logo":{"@type":"ImageObject","inLanguage":"sk-SK","@id":"https:\/\/artami.sk\/#\/schema\/logo\/image\/","url":"https:\/\/artami.sk\/wp-content\/uploads\/2018\/04\/Logo-Artami.jpg","contentUrl":"https:\/\/artami.sk\/wp-content\/uploads\/2018\/04\/Logo-Artami.jpg","width":665,"height":255,"caption":"Artami design studio"},"image":{"@id":"https:\/\/artami.sk\/#\/schema\/logo\/image\/"},"sameAs":["https:\/\/www.facebook.com\/artami.sk\/","https:\/\/www.instagram.com\/artamidesignstudio\/"]}]}},"_links":{"self":[{"href":"https:\/\/artami.sk\/index.php?rest_route=\/wp\/v2\/pages\/2"}],"collection":[{"href":"https:\/\/artami.sk\/index.php?rest_route=\/wp\/v2\/pages"}],"about":[{"href":"https:\/\/artami.sk\/index.php?rest_route=\/wp\/v2\/types\/page"}],"author":[{"embeddable":true,"href":"https:\/\/artami.sk\/index.php?rest_route=\/wp\/v2\/users\/1"}],"replies":[{"embeddable":true,"href":"https:\/\/artami.sk\/index.php?rest_route=%2Fwp%2Fv2%2Fcomments&post=2"}],"version-history":[{"count":6,"href":"https:\/\/artami.sk\/index.php?rest_route=\/wp\/v2\/pages\/2\/revisions"}],"predecessor-version":[{"id":502,"href":"https:\/\/artami.sk\/index.php?rest_route=\/wp\/v2\/pages\/2\/revisions\/502"}],"wp:attachment":[{"href":"https:\/\/artami.sk\/index.php?rest_route=%2Fwp%2Fv2%2Fmedia&parent=2"}],"curies":[{"name":"wp","href":"https:\/\/api.w.org\/{rel}","templated":true}]}}